{"id":1085,"date":"2026-02-11T06:06:50","date_gmt":"2026-02-11T06:06:50","guid":{"rendered":"https:\/\/lakiradio.me\/?page_id=1085"},"modified":"2026-02-17T14:34:48","modified_gmt":"2026-02-17T13:34:48","slug":"cestitke","status":"publish","type":"page","link":"https:\/\/lakiradio.me\/?page_id=1085","title":{"rendered":"\u010cestitke"},"content":{"rendered":"\t\t<div data-elementor-type=\"wp-page\" data-elementor-id=\"1085\" class=\"elementor elementor-1085\" data-elementor-post-type=\"page\">\n\t\t\t\t<div class=\"elementor-element elementor-element-b3bade2 e-flex e-con-boxed e-con e-parent\" data-id=\"b3bade2\" data-element_type=\"container\" data-e-type=\"container\">\n\t\t\t\t\t<div class=\"e-con-inner\">\n\t\t\t\t<div class=\"elementor-element elementor-element-d6a38f7 elementor-widget elementor-widget-vice-elementor-qt-caption\" data-id=\"d6a38f7\" data-element_type=\"widget\" data-e-type=\"widget\" data-widget_type=\"vice-elementor-qt-caption.default\">\n\t\t\t\t<div class=\"elementor-widget-container\">\n\t\t\t\t\t\t\t<div class=\"vice-elementor-caption vice-elementor-caption--center vice-elementor-caption--default\">\n\t\t\t<div class=\"vice-elementor-caption__c\">\n\t\t\t\t<h2 class=\"vice-caption vice-elementor-caption__txt vice-textfx-glitch\" data-vice-textfx=\"glitch\">\u010cESTITKE<\/h2>\n\t\t\t\t<div class=\"vice-caption__decor\" data-vice-textfx=\"glitch\"><hr><\/div>\n\t\t\t<\/div>\n\t\t<\/div>\n\t\t\t\t\t\t<\/div>\n\t\t\t\t<\/div>\n\t\t\t\t<div class=\"elementor-element elementor-element-12a58bd elementor-widget elementor-widget-spacer\" data-id=\"12a58bd\" data-element_type=\"widget\" data-e-type=\"widget\" data-widget_type=\"spacer.default\">\n\t\t\t\t\t\t\t<div class=\"elementor-spacer\">\n\t\t\t<div class=\"elementor-spacer-inner\"><\/div>\n\t\t<\/div>\n\t\t\t\t\t\t<\/div>\n\t\t\t\t<div class=\"elementor-element elementor-element-8c5b6ed elementor-widget elementor-widget-text-editor\" data-id=\"8c5b6ed\" data-element_type=\"widget\" data-e-type=\"widget\" data-widget_type=\"text-editor.default\">\n\t\t\t\t\t\t\t\t\t<h4 style=\"text-align: center;\"><strong>Kod nas mo\u017eete poru\u010diti kao firma \u010destitku va\u0161im poslovnim partnerima i gradjanima.<br \/>\u010cestitajte im va\u017ean dan ili praznik. <br \/>Pozovite nas da zajedno napravimo najbolji izbor.<\/strong><\/h4><p>\u00a0<\/p><p>PRAZNICI KOJE MO\u017dETE \u010cESTITATI :<\/p><p style=\"text-align: center;\">Nova godina \/ trajanje 2 dana.<\/p><p style=\"text-align: center;\">Bo\u017ei\u0107 \/ trajanje 2 dana.<\/p><p style=\"text-align: center;\">Dan \u017dena \/ trajanje 1 dana !<\/p><p style=\"text-align: center;\">\u00a0Ramazan Bajram \/ trajanje 2 dana.<\/p><p style=\"text-align: center;\">Vaskrs \/ trajanje 2 dana.<\/p><p style=\"text-align: center;\">Praznik rada \/ trajanje 1 dana.<\/p><p style=\"text-align: center;\">Dan nezavisnosti \/ trajanje 2 dana.<\/p><p style=\"text-align: center;\">Kurban Bajram \/ trajanje 2 dana.<\/p><p style=\"text-align: center;\">Dan dr\u017eavnosti \/ trajanje 2 dana.<\/p><div><div style=\"text-align: center;\"><p>Njego\u0161ev dan \/ trajanje 2 dana.<\/p><\/div><\/div>\t\t\t\t\t\t\t\t<\/div>\n\t\t\t\t<div class=\"elementor-element elementor-element-93e2c1e elementor-widget elementor-widget-spacer\" data-id=\"93e2c1e\" data-element_type=\"widget\" data-e-type=\"widget\" data-widget_type=\"spacer.default\">\n\t\t\t\t\t\t\t<div class=\"elementor-spacer\">\n\t\t\t<div class=\"elementor-spacer-inner\"><\/div>\n\t\t<\/div>\n\t\t\t\t\t\t<\/div>\n\t\t\t\t\t<\/div>\n\t\t\t\t<\/div>\n\t\t<div class=\"elementor-element elementor-element-6c78574 e-flex e-con-boxed e-con e-parent\" data-id=\"6c78574\" data-element_type=\"container\" data-e-type=\"container\">\n\t\t\t\t\t<div class=\"e-con-inner\">\n\t\t<div class=\"elementor-element elementor-element-e0476aa e-con-full e-flex e-con e-child\" data-id=\"e0476aa\" data-element_type=\"container\" data-e-type=\"container\">\n\t\t\t\t<div class=\"elementor-element elementor-element-edfb819 elementor-view-default elementor-position-block-start elementor-mobile-position-block-start elementor-widget elementor-widget-icon-box\" data-id=\"edfb819\" data-element_type=\"widget\" data-e-type=\"widget\" data-widget_type=\"icon-box.default\">\n\t\t\t\t\t\t\t<div class=\"elementor-icon-box-wrapper\">\n\n\t\t\t\t\t\t<div class=\"elementor-icon-box-icon\">\n\t\t\t\t<span  class=\"elementor-icon\">\n\t\t\t\t<svg aria-hidden=\"true\" class=\"e-font-icon-svg e-fas-mobile-alt\" viewBox=\"0 0 320 512\" xmlns=\"http:\/\/www.w3.org\/2000\/svg\"><path d=\"M272 0H48C21.5 0 0 21.5 0 48v416c0 26.5 21.5 48 48 48h224c26.5 0 48-21.5 48-48V48c0-26.5-21.5-48-48-48zM160 480c-17.7 0-32-14.3-32-32s14.3-32 32-32 32 14.3 32 32-14.3 32-32 32zm112-108c0 6.6-5.4 12-12 12H60c-6.6 0-12-5.4-12-12V60c0-6.6 5.4-12 12-12h200c6.6 0 12 5.4 12 12v312z\"><\/path><\/svg>\t\t\t\t<\/span>\n\t\t\t<\/div>\n\t\t\t\n\t\t\t\t\t\t<div class=\"elementor-icon-box-content\">\n\n\t\t\t\t\t\t\t\t\t<h2 class=\"elementor-icon-box-title\">\n\t\t\t\t\t\t<span  >\n\t\t\t\t\t\t\t+382 67 107 107  \t\t\t\t\t\t<\/span>\n\t\t\t\t\t<\/h2>\n\t\t\t\t\n\t\t\t\t\n\t\t\t<\/div>\n\t\t\t\n\t\t<\/div>\n\t\t\t\t\t\t<\/div>\n\t\t\t\t<\/div>\n\t\t<div class=\"elementor-element elementor-element-c9f770d e-con-full e-flex e-con e-child\" data-id=\"c9f770d\" data-element_type=\"container\" data-e-type=\"container\">\n\t\t\t\t<div class=\"elementor-element elementor-element-d2814d1 elementor-widget elementor-widget-vice-elementor-qt-cf7\" data-id=\"d2814d1\" data-element_type=\"widget\" data-e-type=\"widget\" data-widget_type=\"vice-elementor-qt-cf7.default\">\n\t\t\t\t<div class=\"elementor-widget-container\">\n\t\t\t\t\t\n<div class=\"wpcf7 no-js\" id=\"wpcf7-f9-o1\" lang=\"en-US\" dir=\"ltr\" data-wpcf7-id=\"9\">\n<div class=\"screen-reader-response\"><p role=\"status\" aria-live=\"polite\" aria-atomic=\"true\"><\/p> <ul><\/ul><\/div>\n<form action=\"\/index.php?rest_route=%2Fwp%2Fv2%2Fpages%2F1085#wpcf7-f9-o1\" method=\"post\" class=\"wpcf7-form init\" aria-label=\"Contact form\" novalidate=\"novalidate\" data-status=\"init\">\n<fieldset class=\"hidden-fields-container\"><input type=\"hidden\" name=\"_wpcf7\" value=\"9\" \/><input type=\"hidden\" name=\"_wpcf7_version\" value=\"6.1.5\" \/><input type=\"hidden\" name=\"_wpcf7_locale\" value=\"en_US\" \/><input type=\"hidden\" name=\"_wpcf7_unit_tag\" value=\"wpcf7-f9-o1\" \/><input type=\"hidden\" name=\"_wpcf7_container_post\" value=\"0\" \/><input type=\"hidden\" name=\"_wpcf7_posted_data_hash\" value=\"\" \/>\n<\/fieldset>\n<p><label> Ime i Prezime<br \/>\n<span class=\"wpcf7-form-control-wrap\" data-name=\"your-name\"><input size=\"40\" maxlength=\"400\" class=\"wpcf7-form-control wpcf7-text wpcf7-validates-as-required\" autocomplete=\"name\" aria-required=\"true\" aria-invalid=\"false\" value=\"\" type=\"text\" name=\"your-name\" \/><\/span> <\/label>\n<\/p>\n<p><label> Va\u0161 email<br \/>\n<span class=\"wpcf7-form-control-wrap\" data-name=\"your-email\"><input size=\"40\" maxlength=\"400\" class=\"wpcf7-form-control wpcf7-email wpcf7-validates-as-required wpcf7-text wpcf7-validates-as-email\" autocomplete=\"email\" aria-required=\"true\" aria-invalid=\"false\" value=\"\" type=\"email\" name=\"your-email\" \/><\/span> <\/label>\n<\/p>\n<p><label> Tema<br \/>\n<span class=\"wpcf7-form-control-wrap\" data-name=\"your-subject\"><input size=\"40\" maxlength=\"400\" class=\"wpcf7-form-control wpcf7-text wpcf7-validates-as-required\" aria-required=\"true\" aria-invalid=\"false\" value=\"\" type=\"text\" name=\"your-subject\" \/><\/span> <\/label>\n<\/p>\n<p><label> Va\u0161a poruka (optional)<br \/>\n<span class=\"wpcf7-form-control-wrap\" data-name=\"your-message\"><textarea cols=\"40\" rows=\"10\" maxlength=\"2000\" class=\"wpcf7-form-control wpcf7-textarea\" aria-invalid=\"false\" name=\"your-message\"><\/textarea><\/span> <\/label>\n<\/p>\n<p><input class=\"wpcf7-form-control wpcf7-submit has-spinner\" type=\"submit\" value=\"Po\u0161alji\" \/>\n<\/p><p style=\"display: none !important;\" class=\"akismet-fields-container\" data-prefix=\"_wpcf7_ak_\"><label>&#916;<textarea name=\"_wpcf7_ak_hp_textarea\" cols=\"45\" rows=\"8\" maxlength=\"100\"><\/textarea><\/label><input type=\"hidden\" id=\"ak_js_1\" name=\"_wpcf7_ak_js\" value=\"84\"\/><script>document.getElementById( \"ak_js_1\" ).setAttribute( \"value\", ( new Date() ).getTime() );<\/script><\/p><div class=\"wpcf7-response-output\" aria-hidden=\"true\"><\/div>\n<\/form>\n<\/div>\n\t\t\t\t<\/div>\n\t\t\t\t<\/div>\n\t\t\t\t<\/div>\n\t\t\t\t\t<\/div>\n\t\t\t\t<\/div>\n\t\t\t\t<\/div>\n\t\t","protected":false},"excerpt":{"rendered":"<p>\u010cESTITKE Kod nas mo\u017eete poru\u010diti kao firma \u010destitku va\u0161im poslovnim partnerima i gradjanima.\u010cestitajte im va\u017ean dan ili praznik. Pozovite nas da zajedno napravimo najbolji izbor. \u00a0 PRAZNICI KOJE MO\u017dETE \u010cESTITATI : Nova godina \/ trajanje 2 dana. Bo\u017ei\u0107 \/ trajanje 2 dana. Dan \u017dena \/ trajanje 1 dana ! \u00a0Ramazan ...<\/p>\n","protected":false},"author":1,"featured_media":0,"parent":0,"menu_order":0,"comment_status":"closed","ping_status":"closed","template":"elementor_header_footer","meta":{"pagelayer_contact_templates":[],"_pagelayer_content":"","footnotes":""},"class_list":["post-1085","page","type-page","status-publish","hentry"],"_links":{"self":[{"href":"https:\/\/lakiradio.me\/index.php?rest_route=\/wp\/v2\/pages\/1085","targetHints":{"allow":["GET"]}}],"collection":[{"href":"https:\/\/lakiradio.me\/index.php?rest_route=\/wp\/v2\/pages"}],"about":[{"href":"https:\/\/lakiradio.me\/index.php?rest_route=\/wp\/v2\/types\/page"}],"author":[{"embeddable":true,"href":"https:\/\/lakiradio.me\/index.php?rest_route=\/wp\/v2\/users\/1"}],"replies":[{"embeddable":true,"href":"https:\/\/lakiradio.me\/index.php?rest_route=%2Fwp%2Fv2%2Fcomments&post=1085"}],"version-history":[{"count":32,"href":"https:\/\/lakiradio.me\/index.php?rest_route=\/wp\/v2\/pages\/1085\/revisions"}],"predecessor-version":[{"id":1392,"href":"https:\/\/lakiradio.me\/index.php?rest_route=\/wp\/v2\/pages\/1085\/revisions\/1392"}],"wp:attachment":[{"href":"https:\/\/lakiradio.me\/index.php?rest_route=%2Fwp%2Fv2%2Fmedia&parent=1085"}],"curies":[{"name":"wp","href":"https:\/\/api.w.org\/{rel}","templated":true}]}}