{"id":1219,"date":"2026-02-15T16:12:15","date_gmt":"2026-02-15T15:12:15","guid":{"rendered":"https:\/\/lakiradio.me\/?page_id=1219"},"modified":"2026-02-19T09:52:07","modified_gmt":"2026-02-19T08:52:07","slug":"impresum","status":"publish","type":"page","link":"https:\/\/lakiradio.me\/?page_id=1219","title":{"rendered":"IMPRESUM"},"content":{"rendered":"\t\t<div data-elementor-type=\"wp-page\" data-elementor-id=\"1219\" class=\"elementor elementor-1219\" data-elementor-post-type=\"page\">\n\t\t\t\t<div class=\"elementor-element elementor-element-5e8d0f4 e-flex e-con-boxed e-con e-parent\" data-id=\"5e8d0f4\" data-element_type=\"container\" data-e-type=\"container\">\n\t\t\t\t\t<div class=\"e-con-inner\">\n\t\t\t\t<div class=\"elementor-element elementor-element-2ff650c elementor-widget elementor-widget-vice-elementor-qt-caption\" data-id=\"2ff650c\" data-element_type=\"widget\" data-e-type=\"widget\" data-widget_type=\"vice-elementor-qt-caption.default\">\n\t\t\t\t<div class=\"elementor-widget-container\">\n\t\t\t\t\t\t\t<div class=\"vice-elementor-caption vice-elementor-caption--left\">\n\t\t\t<div class=\"vice-elementor-caption__c\">\n\t\t\t\t<h2 class=\"vice-caption vice-elementor-caption__txt vice-textfx-\" data-vice-textfx=\"\">IMPRESUM<\/h2>\n\t\t\t\t<div class=\"vice-caption__decor\" data-vice-textfx=\"\"><hr><\/div>\n\t\t\t<\/div>\n\t\t<\/div>\n\t\t\t\t\t\t<\/div>\n\t\t\t\t<\/div>\n\t\t\t\t<div class=\"elementor-element elementor-element-b84e232 elementor-widget elementor-widget-vice-elementor-qt-caption\" data-id=\"b84e232\" data-element_type=\"widget\" data-e-type=\"widget\" data-widget_type=\"vice-elementor-qt-caption.default\">\n\t\t\t\t<div class=\"elementor-widget-container\">\n\t\t\t\t\t\t\t<div class=\"vice-elementor-caption vice-elementor-caption--left\">\n\t\t\t<div class=\"vice-elementor-caption__c\">\n\t\t\t\t<h2 class=\"vice-caption vice-elementor-caption__txt vice-textfx-\" data-vice-textfx=\"\">TDM-mix d.o.o. Bijelo polje<\/h2>\n\t\t\t\t<div class=\"vice-caption__decor\" data-vice-textfx=\"\"><hr><\/div>\n\t\t\t<\/div>\n\t\t<\/div>\n\t\t\t\t\t\t<\/div>\n\t\t\t\t<\/div>\n\t\t\t\t<div class=\"elementor-element elementor-element-4c8396f elementor-widget elementor-widget-text-editor\" data-id=\"4c8396f\" data-element_type=\"widget\" data-e-type=\"widget\" data-widget_type=\"text-editor.default\">\n\t\t\t\t\t\t\t\t\t<p>84303 Zaton br. 106<\/p><p>CRNA GORA<\/p><p>PIB:03071421<\/p><p>Izvr\u0161ni direktor i glavni i odgovorni urednik: Milo\u0161\u00a0 Lazarevi\u0107<\/p><p>e-mail: laki.radio@t-com.me , info@lakiradio.me<\/p><p>Vlasni\u010dka stuktura:<\/p><p>Jelena Tadi\u0107 = 100%<\/p><p>e-mail:jelenatadiclazarevic@gmail.com<\/p><p><strong>+382 68 233 020\u00a0<\/strong><\/p><p><strong>+382 67 333 110<\/strong><\/p><p><strong>+393 803 403 440<\/strong><\/p>\t\t\t\t\t\t\t\t<\/div>\n\t\t\t\t<div class=\"elementor-element elementor-element-951b2a2 elementor-widget__width-initial elementor-widget elementor-widget-image\" data-id=\"951b2a2\" data-element_type=\"widget\" data-e-type=\"widget\" data-widget_type=\"image.default\">\n\t\t\t\t\t\t\t\t\t\t\t\t<figure class=\"wp-caption\">\n\t\t\t\t\t\t\t\t\t\t\t<a href=\"https:\/\/lakiradio.me\/wp-content\/uploads\/2026\/02\/OBRAZAC-1-AEM-Vlasnicka-StrukturaTDM-ZA-IMPRESUM-NOVEMBAR-2024-OK-1.pdf\" target=\"_blank\" rel=\"nofollow\">\n\t\t\t\t\t\t\t<img decoding=\"async\" src=\"https:\/\/lakiradio.me\/wp-content\/uploads\/elementor\/thumbs\/Novi-logo-2-01-riq1znk47ncbmd3fbi7d48i7i7dvpgz0zxnvnwe6kw.jpg\" title=\"Novi logo 2-01\" alt=\"Novi logo 2-01\" loading=\"lazy\" \/>\t\t\t\t\t\t\t\t<\/a>\n\t\t\t\t\t\t\t\t\t\t\t<figcaption class=\"widget-image-caption wp-caption-text\">Klikom na LOGO pogedajte : Obrazac transparentnosti vlasni\u010dke strukture.<\/figcaption>\n\t\t\t\t\t\t\t\t\t\t<\/figure>\n\t\t\t\t\t\t\t\t\t<\/div>\n\t\t\t\t\t<\/div>\n\t\t\t\t<\/div>\n\t\t\t\t<\/div>\n\t\t","protected":false},"excerpt":{"rendered":"<p>IMPRESUM TDM-mix d.o.o. Bijelo polje 84303 Zaton br. 106 CRNA GORA PIB:03071421 Izvr\u0161ni direktor i glavni i odgovorni urednik: Milo\u0161\u00a0 Lazarevi\u0107 e-mail: laki.radio@t-com.me , info@lakiradio.me Vlasni\u010dka stuktura: Jelena Tadi\u0107 = 100% e-mail:jelenatadiclazarevic@gmail.com +382 68 233 020\u00a0 +382 67 333 110 +393 803 403 440 Klikom na LOGO pogedajte : Obrazac ...<\/p>\n","protected":false},"author":1,"featured_media":0,"parent":0,"menu_order":0,"comment_status":"closed","ping_status":"closed","template":"page-canvas.php","meta":{"pagelayer_contact_templates":[],"_pagelayer_content":"","footnotes":""},"class_list":["post-1219","page","type-page","status-publish","hentry"],"_links":{"self":[{"href":"https:\/\/lakiradio.me\/index.php?rest_route=\/wp\/v2\/pages\/1219","targetHints":{"allow":["GET"]}}],"collection":[{"href":"https:\/\/lakiradio.me\/index.php?rest_route=\/wp\/v2\/pages"}],"about":[{"href":"https:\/\/lakiradio.me\/index.php?rest_route=\/wp\/v2\/types\/page"}],"author":[{"embeddable":true,"href":"https:\/\/lakiradio.me\/index.php?rest_route=\/wp\/v2\/users\/1"}],"replies":[{"embeddable":true,"href":"https:\/\/lakiradio.me\/index.php?rest_route=%2Fwp%2Fv2%2Fcomments&post=1219"}],"version-history":[{"count":20,"href":"https:\/\/lakiradio.me\/index.php?rest_route=\/wp\/v2\/pages\/1219\/revisions"}],"predecessor-version":[{"id":1486,"href":"https:\/\/lakiradio.me\/index.php?rest_route=\/wp\/v2\/pages\/1219\/revisions\/1486"}],"wp:attachment":[{"href":"https:\/\/lakiradio.me\/index.php?rest_route=%2Fwp%2Fv2%2Fmedia&parent=1219"}],"curies":[{"name":"wp","href":"https:\/\/api.w.org\/{rel}","templated":true}]}}