{"id":2,"date":"2026-01-26T12:07:04","date_gmt":"2026-01-26T12:07:04","guid":{"rendered":"https:\/\/lakiradio.me\/?page_id=2"},"modified":"2026-02-16T13:57:06","modified_gmt":"2026-02-16T12:57:06","slug":"reklame","status":"publish","type":"page","link":"https:\/\/lakiradio.me\/?page_id=2","title":{"rendered":"Reklame"},"content":{"rendered":"\t\t<div data-elementor-type=\"wp-page\" data-elementor-id=\"2\" class=\"elementor elementor-2\" data-elementor-post-type=\"page\">\n\t\t\t\t<div class=\"elementor-element elementor-element-9fd3fc0 e-con-full e-flex e-con e-parent\" data-id=\"9fd3fc0\" data-element_type=\"container\" data-e-type=\"container\">\n\t\t\t\t<div class=\"elementor-element elementor-element-f1eb629 elementor-widget elementor-widget-vice-elementor-qt-caption\" data-id=\"f1eb629\" data-element_type=\"widget\" data-e-type=\"widget\" data-widget_type=\"vice-elementor-qt-caption.default\">\n\t\t\t\t<div class=\"elementor-widget-container\">\n\t\t\t\t\t\t\t<div class=\"vice-elementor-caption vice-elementor-caption--center vice-elementor-caption--default\">\n\t\t\t<div class=\"vice-elementor-caption__c\">\n\t\t\t\t<h2 class=\"vice-caption vice-elementor-caption__txt vice-textfx-default\" data-vice-textfx=\"default\">NA\u0160E REKLAME<\/h2>\n\t\t\t\t<div class=\"vice-caption__decor\" data-vice-textfx=\"default\"><hr><\/div>\n\t\t\t<\/div>\n\t\t<\/div>\n\t\t\t\t\t\t<\/div>\n\t\t\t\t<\/div>\n\t\t\t\t<div class=\"elementor-element elementor-element-d7657f7 elementor-widget elementor-widget-wp-widget-media_audio\" data-id=\"d7657f7\" data-element_type=\"widget\" data-e-type=\"widget\" data-widget_type=\"wp-widget-media_audio.default\">\n\t\t\t\t<div class=\"elementor-widget-container\">\n\t\t\t\t\t<h5>Himna LPR<\/h5><audio class=\"wp-audio-shortcode\" id=\"audio-2-1\" preload=\"none\" style=\"width: 100%;\" controls=\"controls\"><source type=\"audio\/mpeg\" src=\"https:\/\/lakiradio.me\/wp-content\/uploads\/2026\/02\/HIMNA-Laki-PLUS-R3_feb-2026.mp3?_=1\" \/><source type=\"audio\/mpeg\" src=\"https:\/\/lakiradio.me\/wp-content\/uploads\/2026\/02\/HIMNA-Laki-PLUS-R3_feb-2026.mp3?_=1\" \/><a href=\"https:\/\/lakiradio.me\/wp-content\/uploads\/2026\/02\/HIMNA-Laki-PLUS-R3_feb-2026.mp3\">https:\/\/lakiradio.me\/wp-content\/uploads\/2026\/02\/HIMNA-Laki-PLUS-R3_feb-2026.mp3<\/a><\/audio>\t\t\t\t<\/div>\n\t\t\t\t<\/div>\n\t\t\t\t<div class=\"elementor-element elementor-element-f5e09c1 elementor-widget elementor-widget-spacer\" data-id=\"f5e09c1\" data-element_type=\"widget\" data-e-type=\"widget\" data-widget_type=\"spacer.default\">\n\t\t\t\t\t\t\t<div class=\"elementor-spacer\">\n\t\t\t<div class=\"elementor-spacer-inner\"><\/div>\n\t\t<\/div>\n\t\t\t\t\t\t<\/div>\n\t\t\t\t<div class=\"elementor-element elementor-element-e914805 elementor-widget elementor-widget-vice-elementor-qt-caption\" data-id=\"e914805\" data-element_type=\"widget\" data-e-type=\"widget\" data-widget_type=\"vice-elementor-qt-caption.default\">\n\t\t\t\t<div class=\"elementor-widget-container\">\n\t\t\t\t\t\t\t<div class=\"vice-elementor-caption vice-elementor-caption--center vice-elementor-caption--default\">\n\t\t\t<div class=\"vice-elementor-caption__c\">\n\t\t\t\t<h2 class=\"vice-caption vice-elementor-caption__txt vice-textfx-glitch\" data-vice-textfx=\"glitch\">U Ritmu Va\u0161ih Akcija<\/h2>\n\t\t\t\t<div class=\"vice-caption__decor\" data-vice-textfx=\"glitch\"><hr><\/div>\n\t\t\t<\/div>\n\t\t<\/div>\n\t\t\t\t\t\t<\/div>\n\t\t\t\t<\/div>\n\t\t\t\t<\/div>\n\t\t<div class=\"elementor-element elementor-element-3d5c544d e-grid e-con-full e-con e-parent\" data-id=\"3d5c544d\" data-element_type=\"container\" data-e-type=\"container\">\n\t\t\t\t<div class=\"elementor-element elementor-element-5813f8e6 elementor-widget elementor-widget-text-editor\" data-id=\"5813f8e6\" data-element_type=\"widget\" data-e-type=\"widget\" data-widget_type=\"text-editor.default\">\n\t\t\t\t\t\t\t\t\t<h3 style=\"text-align: left;\">Umjesto klasi\u010dnog ogla\u0161avanja, predla\u017eemo vam model strate\u0161kog mjese\u010dnog prisustva kroz koji \u0107emo zajedni\u010dki graditi va\u0161u prepoznatljivost:<\/h3><p style=\"text-align: center;\"><strong>Sezonski Highlight:<\/strong><\/p><p style=\"text-align: center;\">Svaki mjesec fokusiramo se na ono \u0161to je va\u0161im kupcima u tom trenutku najpotrebnije.<\/p><p style=\"text-align: center;\"><strong>Artikl nedelje \/ Akcija mjeseca<\/strong>:<\/p><p style=\"text-align: center;\">Kratke, britke i dinami\u010dne objave koje stvaraju osje\u0107aj hitnosti.<\/p><p style=\"text-align: center;\"><strong>Audio Identitet:<\/strong><\/p><p style=\"text-align: center;\">Kreiramo prepoznatljiv zvu\u010dni potpis (d\u017eingl) koji \u0107e slu\u0161aoci povezivati isklju\u010divo s va\u0161im povoljnim cijenama.<\/p><p style=\"text-align: center;\"><strong>Za\u0161to Vi\u0161emjese\u010dni Paket?<\/strong><\/p><p style=\"text-align: center;\">Radio je medij navike.\u00a0<br \/>Na\u0161im paketom od 6 do 12 mjeseci dobijate: Bolju cijenu + \u010dujnost\u00a0 :\u00a0 Ponavljanje je majka znanja, ali i prodaje.<\/p><p style=\"text-align: center;\">\u00a0<br \/>\u0160to vas vi\u0161e \u010duju, vi\u0161e vam vjeruju.<\/p><p style=\"text-align: center;\"><strong>Povla\u0161tenu cijenu:<\/strong><\/p><p style=\"text-align: center;\">Dugoro\u010dna saradnja donosi zna\u010dajne popuste po emitovanju u odnosu na pojedina\u010dne kampanje.<\/p><p style=\"text-align: center;\"><strong>Fleksibilnost:<\/strong><\/p><p style=\"text-align: center;\">Mogu\u0107nost brze izmjene teksta po va\u0161im upustvima kao i\u00a0\u00a0promjeni va\u0161ih akcija I ponuda.<\/p><p style=\"text-align: center;\"><strong>Sve ura\u010dunato<\/strong>\u00a0:<\/p><p style=\"text-align: center;\">Ideja , izrada kao i emitovanje po dogovorenim terminima .<\/p><p><!-- \/wp:paragraph --><\/p>\t\t\t\t\t\t\t\t<\/div>\n\t\t\t\t<\/div>\n\t\t\t\t<\/div>\n\t\t","protected":false},"excerpt":{"rendered":"<p>NA\u0160E REKLAME U Ritmu Va\u0161ih Akcija Umjesto klasi\u010dnog ogla\u0161avanja, predla\u017eemo vam model strate\u0161kog mjese\u010dnog prisustva kroz koji \u0107emo zajedni\u010dki graditi va\u0161u prepoznatljivost: Sezonski Highlight: Svaki mjesec fokusiramo se na ono \u0161to je va\u0161im kupcima u tom trenutku najpotrebnije. Artikl nedelje \/ Akcija mjeseca: Kratke, britke i dinami\u010dne objave koje stvaraju ...<\/p>\n","protected":false},"author":1,"featured_media":0,"parent":0,"menu_order":0,"comment_status":"closed","ping_status":"open","template":"elementor_theme","meta":{"pagelayer_contact_templates":[],"_pagelayer_content":"","footnotes":""},"class_list":["post-2","page","type-page","status-publish","hentry"],"_links":{"self":[{"href":"https:\/\/lakiradio.me\/index.php?rest_route=\/wp\/v2\/pages\/2","targetHints":{"allow":["GET"]}}],"collection":[{"href":"https:\/\/lakiradio.me\/index.php?rest_route=\/wp\/v2\/pages"}],"about":[{"href":"https:\/\/lakiradio.me\/index.php?rest_route=\/wp\/v2\/types\/page"}],"author":[{"embeddable":true,"href":"https:\/\/lakiradio.me\/index.php?rest_route=\/wp\/v2\/users\/1"}],"replies":[{"embeddable":true,"href":"https:\/\/lakiradio.me\/index.php?rest_route=%2Fwp%2Fv2%2Fcomments&post=2"}],"version-history":[{"count":38,"href":"https:\/\/lakiradio.me\/index.php?rest_route=\/wp\/v2\/pages\/2\/revisions"}],"predecessor-version":[{"id":1320,"href":"https:\/\/lakiradio.me\/index.php?rest_route=\/wp\/v2\/pages\/2\/revisions\/1320"}],"wp:attachment":[{"href":"https:\/\/lakiradio.me\/index.php?rest_route=%2Fwp%2Fv2%2Fmedia&parent=2"}],"curies":[{"name":"wp","href":"https:\/\/api.w.org\/{rel}","templated":true}]}}